{"id":157,"date":"2024-01-11T15:18:00","date_gmt":"2024-01-11T14:18:00","guid":{"rendered":"https:\/\/preview.dakoserv.de\/kontakt\/"},"modified":"2024-05-03T09:30:46","modified_gmt":"2024-05-03T07:30:46","slug":"kontakt","status":"publish","type":"page","link":"https:\/\/www.dakoserv.de\/en\/kontakt\/","title":{"rendered":"Contact"},"content":{"rendered":"<div data-elementor-type=\"wp-page\" data-elementor-id=\"157\" class=\"elementor elementor-157\" data-elementor-post-type=\"page\">\n\t\t\t\t<div class=\"elementor-element elementor-element-4cb49a39 e-flex e-con-boxed e-con e-parent\" data-id=\"4cb49a39\" data-element_type=\"container\" data-settings=\"{&quot;background_background&quot;:&quot;video&quot;,&quot;background_video_link&quot;:&quot;https:\\\/\\\/www.dakoserv.de\\\/wp-content\\\/uploads\\\/2024\\\/01\\\/Hero-Section-Video-III.mp4&quot;,&quot;background_video_start&quot;:3,&quot;background_video_end&quot;:30,&quot;background_play_on_mobile&quot;:&quot;yes&quot;}\">\n\t\t\t\t\t<div class=\"e-con-inner\">\n\t\t<div class=\"elementor-background-video-container\">\n\t\t\t\t\t\t\t<video class=\"elementor-background-video-hosted\" autoplay muted playsinline loop><\/video>\n\t\t\t\t\t<\/div>\t\t\t<\/div>\n\t\t\t\t<\/div>\n\t\t<div class=\"elementor-element elementor-element-1b8ce412 site_contact_circle_overlay e-flex e-con-boxed e-con e-parent\" data-id=\"1b8ce412\" data-element_type=\"container\" data-settings=\"{&quot;background_background&quot;:&quot;gradient&quot;}\">\n\t\t\t\t\t<div class=\"e-con-inner\">\n\t\t<div class=\"elementor-element elementor-element-a7cdbf1 e-con-full e-flex e-con e-child\" data-id=\"a7cdbf1\" data-element_type=\"container\">\n\t\t\t\t<div class=\"elementor-element elementor-element-1fc6537 site_title_icon ml_40 fs_44 elementor-widget-tablet__width-initial elementor-widget elementor-widget-heading\" data-id=\"1fc6537\" data-element_type=\"widget\" data-widget_type=\"heading.default\">\n\t\t\t\t<div class=\"elementor-widget-container\">\n\t\t\t\t\t<h1 class=\"elementor-heading-title elementor-size-default\">CONTACT <br>   <span class=\"site_title_stroke\">NOW<\/span> <img decoding=\"async\" src=\"http:\/\/www.dakoserv.de\/wp-content\/uploads\/2024\/02\/circle-after.svg\"><\/h1>\t\t\t\t<\/div>\n\t\t\t\t<\/div>\n\t\t\t\t<\/div>\n\t\t<div class=\"elementor-element elementor-element-4df19d72 e-con-full e-flex e-con e-child\" data-id=\"4df19d72\" data-element_type=\"container\">\n\t\t\t\t<div class=\"elementor-element elementor-element-6335942a elementor-widget elementor-widget-shortcode\" data-id=\"6335942a\" data-element_type=\"widget\" data-widget_type=\"shortcode.default\">\n\t\t\t\t<div class=\"elementor-widget-container\">\n\t\t\t\t\t\t\t<div class=\"elementor-shortcode\">\n<div class=\"wpcf7 no-js\" id=\"wpcf7-f239-o1\" lang=\"en-US\" dir=\"ltr\" data-wpcf7-id=\"239\">\n<div class=\"screen-reader-response\"><p role=\"status\" aria-live=\"polite\" aria-atomic=\"true\"><\/p> <ul><\/ul><\/div>\n<form action=\"\/en\/wp-json\/wp\/v2\/pages\/157#wpcf7-f239-o1\" method=\"post\" class=\"wpcf7-form init\" aria-label=\"Contact form\" novalidate=\"novalidate\" data-status=\"init\" data-trp-original-action=\"\/en\/wp-json\/wp\/v2\/pages\/157#wpcf7-f239-o1\">\n<fieldset class=\"hidden-fields-container\"><input type=\"hidden\" name=\"_wpcf7\" value=\"239\" \/><input type=\"hidden\" name=\"_wpcf7_version\" value=\"6.1.5\" \/><input type=\"hidden\" name=\"_wpcf7_locale\" value=\"en_US\" \/><input type=\"hidden\" name=\"_wpcf7_unit_tag\" value=\"wpcf7-f239-o1\" \/><input type=\"hidden\" name=\"_wpcf7_container_post\" value=\"0\" \/><input type=\"hidden\" name=\"_wpcf7_posted_data_hash\" value=\"\" \/><input type=\"hidden\" name=\"_wpcf7_recaptcha_response\" value=\"\" \/>\n<\/fieldset>\n<div class=\"contactFormBox\">\n\t<div class=\"contacteft\">\n\t\t<div class=\"contactField\">\n\t\t\t<p><span class=\"wpcf7-form-control-wrap\" data-name=\"your-name\"><input size=\"40\" maxlength=\"400\" class=\"wpcf7-form-control wpcf7-text wpcf7-validates-as-required\" aria-required=\"true\" aria-invalid=\"false\" placeholder=\"Your last name\" value=\"\" type=\"text\" name=\"your-name\" \/><\/span><br \/>\n<span class=\"wpcf7-form-control-wrap\" data-name=\"your-vorname\"><input size=\"40\" maxlength=\"400\" class=\"wpcf7-form-control wpcf7-text wpcf7-validates-as-required\" aria-required=\"true\" aria-invalid=\"false\" placeholder=\"Your first name\" value=\"\" type=\"text\" name=\"your-vorname\" \/><\/span><br \/>\n<span class=\"wpcf7-form-control-wrap\" data-name=\"your-unternehmen\"><input size=\"40\" maxlength=\"400\" class=\"wpcf7-form-control wpcf7-text wpcf7-validates-as-required\" aria-required=\"true\" aria-invalid=\"false\" placeholder=\"Company name\" value=\"\" type=\"text\" name=\"your-unternehmen\" \/><\/span><br \/>\n<span class=\"wpcf7-form-control-wrap\" data-name=\"your-email\"><input size=\"40\" maxlength=\"400\" class=\"wpcf7-form-control wpcf7-email wpcf7-validates-as-required wpcf7-text wpcf7-validates-as-email\" aria-required=\"true\" aria-invalid=\"false\" placeholder=\"Your email\" value=\"\" type=\"email\" name=\"your-email\" \/><\/span><br \/>\n<span class=\"wpcf7-form-control-wrap\" data-name=\"your-telephone\"><input size=\"40\" maxlength=\"400\" class=\"wpcf7-form-control wpcf7-tel wpcf7-text wpcf7-validates-as-tel\" aria-invalid=\"false\" placeholder=\"Your telephone number\" value=\"\" type=\"tel\" name=\"your-telephone\" \/><\/span>\n\t\t\t<\/p>\n\t\t<\/div>\n\t\t<div class=\"formCheck\">\n\t\t\t<p><span class=\"wpcf7-form-control-wrap\" data-name=\"checkbox\"><span class=\"wpcf7-form-control wpcf7-checkbox wpcf7-validates-as-required\"><span class=\"wpcf7-list-item first last\"><label><input type=\"checkbox\" name=\"checkbox[]\" value=\"Ich erkl\u00e4re mich mit der Verarbeitung meiner Daten gem\u00e4\u00df der vorliegenden Datenschutzerkl\u00e4rung einverstanden.*\" \/><span class=\"wpcf7-list-item-label\">I agree to the processing of my data in accordance with this data protection declaration.*<\/span><\/label><\/span><\/span><\/span>\n\t\t\t<\/p>\n\t\t<\/div>\n\t<\/div>\n\t<div class=\"contactRight\">\n\t\t<p><span class=\"wpcf7-form-control-wrap\" data-name=\"your-nachricht\"><textarea cols=\"40\" rows=\"11\" maxlength=\"2000\" class=\"wpcf7-form-control wpcf7-textarea wpcf7-validates-as-required\" aria-required=\"true\" aria-invalid=\"false\" placeholder=\"Your message\" name=\"your-nachricht\"><\/textarea><\/span>\n\t\t<\/p>\n\t\t<div class=\"formCheck formCheckMobile\">\n\t\t\t<p><span class=\"wpcf7-form-control-wrap\" data-name=\"checkbox\"><span class=\"wpcf7-form-control wpcf7-checkbox wpcf7-validates-as-required\"><span class=\"wpcf7-list-item first last\"><label><input type=\"checkbox\" name=\"checkbox[]\" value=\"Ich erkl\u00e4re mich mit der Verarbeitung meiner Daten gem\u00e4\u00df der vorliegenden Datenschutzerkl\u00e4rung einverstanden.*\" \/><span class=\"wpcf7-list-item-label\">I agree to the processing of my data in accordance with this data protection declaration.*<\/span><\/label><\/span><\/span><\/span>\n\t\t\t<\/p>\n\t\t<\/div>\n\t\t<p><button type=\"submit\" class=\"wpcf7-submit sendBtn\">SUBMIT FORM<br \/>\n<svg xmlns=\"http:\/\/www.w3.org\/2000\/svg\" width=\"20\" height=\"20\" viewbox=\"0 0 20 20\">\n  <g id=\"Group_377\" data-name=\"Group 377\" transform=\"translate(-0.021)\">\n    <path id=\"icons8-oben-links\" d=\"M0,0V6.111H1.021v-4.5L9.329,9.27l.734-.676L1.754.94h4.88V0Z\" transform=\"translate(15.298 4.969) rotate(90)\" fill=\"#fff\"\/>\n    <g id=\"Ellipse_2\" data-name=\"Ellipse 2\" transform=\"translate(0.021)\" fill=\"none\" stroke=\"#fff\" stroke-width=\"1\">\n      <circle cx=\"10\" cy=\"10\" r=\"10\" stroke=\"none\"\/>\n      <circle cx=\"10\" cy=\"10\" r=\"9.5\" fill=\"none\"\/>\n    <\/g>\n  <\/g>\n<\/svg><br \/>\n<span class='cf7icon'><\/span><\/button><br \/>\n<span class=\"wpcf7-spinner\"><\/span>\n\t\t<\/p>\n\t<\/div>\n\t<div>\n\t<\/div>\n<\/div><div class=\"wpcf7-response-output\" aria-hidden=\"true\"><\/div>\n<input type=\"hidden\" name=\"trp-form-language\" value=\"en\"\/><\/form>\n<\/div>\n<\/div>\n\t\t\t\t\t\t<\/div>\n\t\t\t\t<\/div>\n\t\t\t\t<\/div>\n\t\t\t\t\t<\/div>\n\t\t\t\t<\/div>\n\t\t\t\t<\/div>","protected":false},"excerpt":{"rendered":"<p>Kontaktieren Sie unsere Experten f\u00fcr ein kostenloses und unverbindliches Beratungsgespr\u00e4ch. JETZT KONTAKT AUFNEHMEN<\/p>","protected":false},"author":3,"featured_media":0,"parent":0,"menu_order":0,"comment_status":"closed","ping_status":"closed","template":"","meta":{"_acf_changed":false,"inline_featured_image":false,"footnotes":""},"class_list":["post-157","page","type-page","status-publish","hentry"],"acf":[],"_links":{"self":[{"href":"https:\/\/www.dakoserv.de\/en\/wp-json\/wp\/v2\/pages\/157","targetHints":{"allow":["GET"]}}],"collection":[{"href":"https:\/\/www.dakoserv.de\/en\/wp-json\/wp\/v2\/pages"}],"about":[{"href":"https:\/\/www.dakoserv.de\/en\/wp-json\/wp\/v2\/types\/page"}],"author":[{"embeddable":true,"href":"https:\/\/www.dakoserv.de\/en\/wp-json\/wp\/v2\/users\/3"}],"replies":[{"embeddable":true,"href":"https:\/\/www.dakoserv.de\/en\/wp-json\/wp\/v2\/comments?post=157"}],"version-history":[{"count":110,"href":"https:\/\/www.dakoserv.de\/en\/wp-json\/wp\/v2\/pages\/157\/revisions"}],"predecessor-version":[{"id":8821,"href":"https:\/\/www.dakoserv.de\/en\/wp-json\/wp\/v2\/pages\/157\/revisions\/8821"}],"wp:attachment":[{"href":"https:\/\/www.dakoserv.de\/en\/wp-json\/wp\/v2\/media?parent=157"}],"curies":[{"name":"wp","href":"https:\/\/api.w.org\/{rel}","templated":true}]}}