{"id":9220,"date":"2025-07-08T10:27:01","date_gmt":"2025-07-08T08:27:01","guid":{"rendered":"https:\/\/www.dakoserv.de\/?page_id=9220"},"modified":"2026-04-01T14:01:43","modified_gmt":"2026-04-01T12:01:43","slug":"supportal","status":"publish","type":"page","link":"https:\/\/www.dakoserv.de\/en\/supportal\/","title":{"rendered":"Support"},"content":{"rendered":"<div data-elementor-type=\"wp-page\" data-elementor-id=\"9220\" class=\"elementor elementor-9220\" data-elementor-post-type=\"page\">\n\t\t\t\t<div class=\"elementor-element elementor-element-4cb49a39 e-flex e-con-boxed e-con e-parent\" data-id=\"4cb49a39\" data-element_type=\"container\" data-settings=\"{&quot;background_background&quot;:&quot;video&quot;,&quot;background_video_link&quot;:&quot;https:\\\/\\\/www.dakoserv.de\\\/wp-content\\\/uploads\\\/2024\\\/01\\\/Hero-Section-Video-III.mp4&quot;,&quot;background_video_start&quot;:3,&quot;background_video_end&quot;:30,&quot;background_play_on_mobile&quot;:&quot;yes&quot;}\">\n\t\t\t\t\t<div class=\"e-con-inner\">\n\t\t<div class=\"elementor-background-video-container\">\n\t\t\t\t\t\t\t<video class=\"elementor-background-video-hosted\" autoplay muted playsinline loop><\/video>\n\t\t\t\t\t<\/div>\t\t\t<\/div>\n\t\t\t\t<\/div>\n\t\t<div class=\"elementor-element elementor-element-d692868 site_section_px e-flex e-con-boxed e-con e-parent\" data-id=\"d692868\" data-element_type=\"container\" data-settings=\"{&quot;background_background&quot;:&quot;classic&quot;}\">\n\t\t\t\t\t<div class=\"e-con-inner\">\n\t\t<div class=\"elementor-element elementor-element-5494a43 e-flex e-con-boxed e-con e-child\" data-id=\"5494a43\" data-element_type=\"container\">\n\t\t\t\t\t<div class=\"e-con-inner\">\n\t\t<div class=\"elementor-element elementor-element-f0805ee e-con-full e-flex e-con e-child\" data-id=\"f0805ee\" data-element_type=\"container\">\n\t\t\t\t<div class=\"elementor-element elementor-element-e4f1d28 elementor-widget__width-auto site_title_icon fs_44 elementor-widget elementor-widget-heading\" data-id=\"e4f1d28\" data-element_type=\"widget\" data-widget_type=\"heading.default\">\n\t\t\t\t<div class=\"elementor-widget-container\">\n\t\t\t\t\t<h1 class=\"elementor-heading-title elementor-size-default\"><span style=\"font-size: clamp(1.5rem, 1.25rem + 1.25vw, 2.75rem)\">SUPPORT <\/span><img decoding=\"async\" src=\"http:\/\/www.dakoserv.de\/wp-content\/uploads\/2024\/02\/circle-after.svg\" style=\"font-family: inherit;font-size: clamp(1.5rem, 1.25rem + 1.25vw, 2.75rem);font-weight: 500\"><span style=\"font-size: clamp(1.5rem, 1.25rem + 1.25vw, 2.75rem)\"><br><\/span><span style=\"font-size: clamp(1.5rem, 1.25rem + 1.25vw, 2.75rem)\">\n<\/span>We're here to support you!<\/h1>\t\t\t\t<\/div>\n\t\t\t\t<\/div>\n\t\t\t\t<\/div>\n\t\t<div class=\"elementor-element elementor-element-3eb6a25 e-con-full e-flex e-con e-child\" data-id=\"3eb6a25\" data-element_type=\"container\">\n\t\t\t\t<\/div>\n\t\t\t\t\t<\/div>\n\t\t\t\t<\/div>\n\t\t<div class=\"elementor-element elementor-element-2647aa2 e-flex e-con-boxed e-con e-child\" data-id=\"2647aa2\" data-element_type=\"container\">\n\t\t\t\t\t<div class=\"e-con-inner\">\n\t\t\t\t<div class=\"elementor-element elementor-element-605598a elementor-widget elementor-widget-image\" data-id=\"605598a\" data-element_type=\"widget\" data-widget_type=\"image.default\">\n\t\t\t\t<div class=\"elementor-widget-container\">\n\t\t\t\t\t\t\t\t\t\t\t\t\t\t\t<img decoding=\"async\" width=\"1292\" height=\"1\" src=\"https:\/\/www.dakoserv.de\/wp-content\/uploads\/2024\/01\/line.png\" class=\"attachment-full size-full wp-image-123\" alt=\"\" srcset=\"https:\/\/www.dakoserv.de\/wp-content\/uploads\/2024\/01\/line.png 1292w, https:\/\/www.dakoserv.de\/wp-content\/uploads\/2024\/01\/line-300x1.png 300w, https:\/\/www.dakoserv.de\/wp-content\/uploads\/2024\/01\/line-1024x1.png 1024w, https:\/\/www.dakoserv.de\/wp-content\/uploads\/2024\/01\/line-150x1.png 150w, https:\/\/www.dakoserv.de\/wp-content\/uploads\/2024\/01\/line-768x1.png 768w\" sizes=\"(max-width: 1292px) 100vw, 1292px\" \/>\t\t\t\t\t\t\t\t\t\t\t\t\t\t\t<\/div>\n\t\t\t\t<\/div>\n\t\t\t\t<div class=\"elementor-element elementor-element-8a3a8bb elementor-widget elementor-widget-text-editor\" data-id=\"8a3a8bb\" data-element_type=\"widget\" data-widget_type=\"text-editor.default\">\n\t\t\t\t<div class=\"elementor-widget-container\">\n\t\t\t\t\t\t\t\t\t<div style=\"text-align: justify;\"><p>Wir lassen unsere Kunden nicht im Regen stehen und bieten fundierte Unterst\u00fctzung durch unsere erfahrenen Spezialisten.<\/p><div style=\"text-align: center; margin: 16px 0;\"><a class=\"btn_supPortal\" href=\"https:\/\/support.dakoserv.de\" target=\"_blank\" rel=\"noopener\">Our support portal<\/a><\/div><p>Don't have access to our support portal yet?<\/p><p>Please contact your account manager. Alternatively, you can contact our headquarters (+49 6122 534650 or info@dakoserv.de) or use the contact form below.<\/p><div>\u00a0<\/div><\/div>\t\t\t\t\t\t\t\t<\/div>\n\t\t\t\t<\/div>\n\t\t\t\t\t<\/div>\n\t\t\t\t<\/div>\n\t\t\t\t\t<\/div>\n\t\t\t\t<\/div>\n\t\t<div class=\"elementor-element elementor-element-d5465ef e-flex e-con-boxed e-con e-parent\" data-id=\"d5465ef\" data-element_type=\"container\">\n\t\t\t\t\t<div class=\"e-con-inner\">\n\t\t\t\t\t<\/div>\n\t\t\t\t<\/div>\n\t\t<div class=\"elementor-element elementor-element-1b8ce412 site_contact_circle_overlay e-flex e-con-boxed e-con e-parent\" data-id=\"1b8ce412\" data-element_type=\"container\" data-settings=\"{&quot;background_background&quot;:&quot;gradient&quot;}\">\n\t\t\t\t\t<div class=\"e-con-inner\">\n\t\t<div class=\"elementor-element elementor-element-a7cdbf1 e-con-full e-flex e-con e-child\" data-id=\"a7cdbf1\" data-element_type=\"container\">\n\t\t\t\t<div class=\"elementor-element elementor-element-1fc6537 site_title_icon ml_40 fs_44 elementor-widget-tablet__width-initial elementor-widget elementor-widget-heading\" data-id=\"1fc6537\" data-element_type=\"widget\" data-widget_type=\"heading.default\">\n\t\t\t\t<div class=\"elementor-widget-container\">\n\t\t\t\t\t<h1 class=\"elementor-heading-title elementor-size-default\"><span class=\"site_title_stroke\">CONTACT<\/span><\/h1>\t\t\t\t<\/div>\n\t\t\t\t<\/div>\n\t\t\t\t<div class=\"elementor-element elementor-element-8a08eaa elementor-widget elementor-widget-text-editor\" data-id=\"8a08eaa\" data-element_type=\"widget\" data-widget_type=\"text-editor.default\">\n\t\t\t\t<div class=\"elementor-widget-container\">\n\t\t\t\t\t\t\t\t\t<p>Contact us...<\/p>\t\t\t\t\t\t\t\t<\/div>\n\t\t\t\t<\/div>\n\t\t\t\t<\/div>\n\t\t<div class=\"elementor-element elementor-element-4df19d72 e-con-full e-flex e-con e-child\" data-id=\"4df19d72\" data-element_type=\"container\">\n\t\t\t\t<div class=\"elementor-element elementor-element-6335942a elementor-widget elementor-widget-shortcode\" data-id=\"6335942a\" data-element_type=\"widget\" data-widget_type=\"shortcode.default\">\n\t\t\t\t<div class=\"elementor-widget-container\">\n\t\t\t\t\t\t\t<div class=\"elementor-shortcode\">\n<div class=\"wpcf7 no-js\" id=\"wpcf7-f239-o1\" lang=\"en-US\" dir=\"ltr\" data-wpcf7-id=\"239\">\n<div class=\"screen-reader-response\"><p role=\"status\" aria-live=\"polite\" aria-atomic=\"true\"><\/p> <ul><\/ul><\/div>\n<form action=\"\/en\/wp-json\/wp\/v2\/pages\/9220#wpcf7-f239-o1\" method=\"post\" class=\"wpcf7-form init\" aria-label=\"Contact form\" novalidate=\"novalidate\" data-status=\"init\" data-trp-original-action=\"\/en\/wp-json\/wp\/v2\/pages\/9220#wpcf7-f239-o1\">\n<fieldset class=\"hidden-fields-container\"><input type=\"hidden\" name=\"_wpcf7\" value=\"239\" \/><input type=\"hidden\" name=\"_wpcf7_version\" value=\"6.1.5\" \/><input type=\"hidden\" name=\"_wpcf7_locale\" value=\"en_US\" \/><input type=\"hidden\" name=\"_wpcf7_unit_tag\" value=\"wpcf7-f239-o1\" \/><input type=\"hidden\" name=\"_wpcf7_container_post\" value=\"0\" \/><input type=\"hidden\" name=\"_wpcf7_posted_data_hash\" value=\"\" \/><input type=\"hidden\" name=\"_wpcf7_recaptcha_response\" value=\"\" \/>\n<\/fieldset>\n<div class=\"contactFormBox\">\n\t<div class=\"contacteft\">\n\t\t<div class=\"contactField\">\n\t\t\t<p><span class=\"wpcf7-form-control-wrap\" data-name=\"your-name\"><input size=\"40\" maxlength=\"400\" class=\"wpcf7-form-control wpcf7-text wpcf7-validates-as-required\" aria-required=\"true\" aria-invalid=\"false\" placeholder=\"Your last name\" value=\"\" type=\"text\" name=\"your-name\" \/><\/span><br \/>\n<span class=\"wpcf7-form-control-wrap\" data-name=\"your-vorname\"><input size=\"40\" maxlength=\"400\" class=\"wpcf7-form-control wpcf7-text wpcf7-validates-as-required\" aria-required=\"true\" aria-invalid=\"false\" placeholder=\"Your first name\" value=\"\" type=\"text\" name=\"your-vorname\" \/><\/span><br \/>\n<span class=\"wpcf7-form-control-wrap\" data-name=\"your-unternehmen\"><input size=\"40\" maxlength=\"400\" class=\"wpcf7-form-control wpcf7-text wpcf7-validates-as-required\" aria-required=\"true\" aria-invalid=\"false\" placeholder=\"Company name\" value=\"\" type=\"text\" name=\"your-unternehmen\" \/><\/span><br \/>\n<span class=\"wpcf7-form-control-wrap\" data-name=\"your-email\"><input size=\"40\" maxlength=\"400\" class=\"wpcf7-form-control wpcf7-email wpcf7-validates-as-required wpcf7-text wpcf7-validates-as-email\" aria-required=\"true\" aria-invalid=\"false\" placeholder=\"Your email\" value=\"\" type=\"email\" name=\"your-email\" \/><\/span><br \/>\n<span class=\"wpcf7-form-control-wrap\" data-name=\"your-telephone\"><input size=\"40\" maxlength=\"400\" class=\"wpcf7-form-control wpcf7-tel wpcf7-text wpcf7-validates-as-tel\" aria-invalid=\"false\" placeholder=\"Your telephone number\" value=\"\" type=\"tel\" name=\"your-telephone\" \/><\/span>\n\t\t\t<\/p>\n\t\t<\/div>\n\t\t<div class=\"formCheck\">\n\t\t\t<p><span class=\"wpcf7-form-control-wrap\" data-name=\"checkbox\"><span class=\"wpcf7-form-control wpcf7-checkbox wpcf7-validates-as-required\"><span class=\"wpcf7-list-item first last\"><label><input type=\"checkbox\" name=\"checkbox[]\" value=\"Ich erkl\u00e4re mich mit der Verarbeitung meiner Daten gem\u00e4\u00df der vorliegenden Datenschutzerkl\u00e4rung einverstanden.*\" \/><span class=\"wpcf7-list-item-label\">I agree to the processing of my data in accordance with this data protection declaration.*<\/span><\/label><\/span><\/span><\/span>\n\t\t\t<\/p>\n\t\t<\/div>\n\t<\/div>\n\t<div class=\"contactRight\">\n\t\t<p><span class=\"wpcf7-form-control-wrap\" data-name=\"your-nachricht\"><textarea cols=\"40\" rows=\"11\" maxlength=\"2000\" class=\"wpcf7-form-control wpcf7-textarea wpcf7-validates-as-required\" aria-required=\"true\" aria-invalid=\"false\" placeholder=\"Your message\" name=\"your-nachricht\"><\/textarea><\/span>\n\t\t<\/p>\n\t\t<div class=\"formCheck formCheckMobile\">\n\t\t\t<p><span class=\"wpcf7-form-control-wrap\" data-name=\"checkbox\"><span class=\"wpcf7-form-control wpcf7-checkbox wpcf7-validates-as-required\"><span class=\"wpcf7-list-item first last\"><label><input type=\"checkbox\" name=\"checkbox[]\" value=\"Ich erkl\u00e4re mich mit der Verarbeitung meiner Daten gem\u00e4\u00df der vorliegenden Datenschutzerkl\u00e4rung einverstanden.*\" \/><span class=\"wpcf7-list-item-label\">I agree to the processing of my data in accordance with this data protection declaration.*<\/span><\/label><\/span><\/span><\/span>\n\t\t\t<\/p>\n\t\t<\/div>\n\t\t<p><button type=\"submit\" class=\"wpcf7-submit sendBtn\">SUBMIT FORM<br \/>\n<svg xmlns=\"http:\/\/www.w3.org\/2000\/svg\" width=\"20\" height=\"20\" viewbox=\"0 0 20 20\">\n  <g id=\"Group_377\" data-name=\"Group 377\" transform=\"translate(-0.021)\">\n    <path id=\"icons8-oben-links\" d=\"M0,0V6.111H1.021v-4.5L9.329,9.27l.734-.676L1.754.94h4.88V0Z\" transform=\"translate(15.298 4.969) rotate(90)\" fill=\"#fff\"\/>\n    <g id=\"Ellipse_2\" data-name=\"Ellipse 2\" transform=\"translate(0.021)\" fill=\"none\" stroke=\"#fff\" stroke-width=\"1\">\n      <circle cx=\"10\" cy=\"10\" r=\"10\" stroke=\"none\"\/>\n      <circle cx=\"10\" cy=\"10\" r=\"9.5\" fill=\"none\"\/>\n    <\/g>\n  <\/g>\n<\/svg><br \/>\n<span class='cf7icon'><\/span><\/button><br \/>\n<span class=\"wpcf7-spinner\"><\/span>\n\t\t<\/p>\n\t<\/div>\n\t<div>\n\t<\/div>\n<\/div><div class=\"wpcf7-response-output\" aria-hidden=\"true\"><\/div>\n<input type=\"hidden\" name=\"trp-form-language\" value=\"en\"\/><\/form>\n<\/div>\n<\/div>\n\t\t\t\t\t\t<\/div>\n\t\t\t\t<\/div>\n\t\t\t\t<\/div>\n\t\t\t\t\t<\/div>\n\t\t\t\t<\/div>\n\t\t<div class=\"elementor-element elementor-element-05f7a45 e-flex e-con-boxed e-con e-parent\" data-id=\"05f7a45\" data-element_type=\"container\">\n\t\t\t\t\t<div class=\"e-con-inner\">\n\t\t\t\t\t<\/div>\n\t\t\t\t<\/div>\n\t\t\t\t<\/div>","protected":false},"excerpt":{"rendered":"<p>(ausgeblendet) SUPPORT Wir sind f\u00fcr Sie da! Wir lassen unsere Kunden nicht im Regen stehen und bieten fundierte Unterst\u00fctzung durch unsere erfahrenen Spezialisten. Supportportal aufrufen Sie haben noch keinen Zugang? Dann wenden Sie sich bitte an Ihren Account Manager. Alternativ k\u00f6nnen Sie auch unsere Zentrale kontaktieren (+49 6122 534650 oder info@dakoserv.de) oder unten stehendes Kontaktformular [&hellip;]<\/p>\n","protected":false},"author":1,"featured_media":0,"parent":0,"menu_order":0,"comment_status":"closed","ping_status":"closed","template":"","meta":{"_acf_changed":false,"inline_featured_image":false,"footnotes":""},"class_list":["post-9220","page","type-page","status-publish","hentry"],"acf":[],"_links":{"self":[{"href":"https:\/\/www.dakoserv.de\/en\/wp-json\/wp\/v2\/pages\/9220","targetHints":{"allow":["GET"]}}],"collection":[{"href":"https:\/\/www.dakoserv.de\/en\/wp-json\/wp\/v2\/pages"}],"about":[{"href":"https:\/\/www.dakoserv.de\/en\/wp-json\/wp\/v2\/types\/page"}],"author":[{"embeddable":true,"href":"https:\/\/www.dakoserv.de\/en\/wp-json\/wp\/v2\/users\/1"}],"replies":[{"embeddable":true,"href":"https:\/\/www.dakoserv.de\/en\/wp-json\/wp\/v2\/comments?post=9220"}],"version-history":[{"count":100,"href":"https:\/\/www.dakoserv.de\/en\/wp-json\/wp\/v2\/pages\/9220\/revisions"}],"predecessor-version":[{"id":9405,"href":"https:\/\/www.dakoserv.de\/en\/wp-json\/wp\/v2\/pages\/9220\/revisions\/9405"}],"wp:attachment":[{"href":"https:\/\/www.dakoserv.de\/en\/wp-json\/wp\/v2\/media?parent=9220"}],"curies":[{"name":"wp","href":"https:\/\/api.w.org\/{rel}","templated":true}]}}